{"id":14773,"date":"2026-05-07T15:33:21","date_gmt":"2026-05-07T13:33:21","guid":{"rendered":"https:\/\/www.worldhealthlaboratories.com\/?post_type=product&#038;p=14773"},"modified":"2026-05-09T13:02:26","modified_gmt":"2026-05-09T11:02:26","slug":"pfas-blood-test-home-kit","status":"publish","type":"product","link":"https:\/\/www.worldhealthlaboratories.com\/nl\/tests\/toxicology\/pfas-blood-test-home-kit\/","title":{"rendered":"PFAS-blootstelling bloedtest met thuisafname"},"content":{"rendered":"<h5 data-start=\"735\" data-end=\"751\"><strong data-start=\"739\" data-end=\"751\">Overzicht<\/strong><\/h5>\n<p data-start=\"753\" data-end=\"1000\">Per- en polyfluoralkylstoffen (PFAS) zijn een groep persistente chemische stoffen in het milieu die bekend staan om hun weerstand tegen afbraak. Deze \"<strong data-start=\"896\" data-end=\"917\">voor altijd chemicali\u00ebn<\/strong>\"bioaccumuleren in menselijk weefsel en worden in verband gebracht met meerdere chronische gezondheidsproblemen.<\/p>\n<p data-start=\"1002\" data-end=\"1256\">De\u00a0<strong data-start=\"1006\" data-end=\"1033\">WHL PFAS in serum panel<\/strong>\u00a0aanbiedingen\u00a0<strong data-start=\"1041\" data-end=\"1098\">kwantitatieve analyse van 27 afzonderlijke PFAS-verbindingen<\/strong>\u00a0met behulp van hooggevoelige\u00a0<strong data-start=\"1122\" data-end=\"1134\">LC-MS\/MS<\/strong>. Deze test stelt clinici in staat om milieublootstelling, toxische belasting en geassocieerd ziekterisico nauwkeurig te evalueren.<\/p>\n<h5 data-start=\"1263\" data-end=\"1292\"><strong data-start=\"1267\" data-end=\"1292\">Wanneer deze test gebruiken?<\/strong><\/h5>\n<p data-start=\"1294\" data-end=\"1324\">Dit paneel wordt aanbevolen voor:<\/p>\n<ul>\n<li data-start=\"1327\" data-end=\"1396\">Individuen met\u00a0<strong data-start=\"1344\" data-end=\"1396\">vermoedelijke blootstelling aan milieu of werk<\/strong><\/li>\n<li data-start=\"1399\" data-end=\"1491\">Beoordeling van\u00a0<strong data-start=\"1413\" data-end=\"1455\">immuundisfunctie, hormonale disbalans<\/strong>of\u00a0<strong data-start=\"1460\" data-end=\"1491\">onverklaarbare chronische ziekte<\/strong><\/li>\n<li data-start=\"1494\" data-end=\"1553\"><strong data-start=\"1494\" data-end=\"1518\">Vruchtbaarheid, zwangerschap<\/strong>en\u00a0<strong data-start=\"1524\" data-end=\"1553\">ontwikkelingsbeoordelingen<\/strong><\/li>\n<li data-start=\"1556\" data-end=\"1603\">Cli\u00ebnten die\u00a0<strong data-start=\"1575\" data-end=\"1603\">ontgiftingsprotocollen<\/strong><\/li>\n<li data-start=\"1606\" data-end=\"1704\">Bewoners in\u00a0<strong data-start=\"1619\" data-end=\"1648\">Met PFAS verontreinigde gebieden<\/strong>\u00a0(bijv. blusschuimzones, industri\u00eble afvloeiingsgebieden)<\/li>\n<\/ul>\n<h5 data-start=\"4159\" data-end=\"4185\"><strong data-start=\"4163\" data-end=\"4185\">Klinische relevantie<\/strong><\/h5>\n<p data-start=\"4186\" data-end=\"4227\">Verhoogde PFAS-niveaus zijn in verband gebracht met:<\/p>\n<ul>\n<li data-start=\"4230\" data-end=\"4253\"><strong data-start=\"4230\" data-end=\"4253\">Schildklierafwijking<\/strong><\/li>\n<li data-start=\"4256\" data-end=\"4300\"><strong data-start=\"4256\" data-end=\"4300\">Afwijkingen van testosteron en vruchtbaarheid<\/strong><\/li>\n<li data-start=\"4303\" data-end=\"4362\"><strong data-start=\"4303\" data-end=\"4362\">Immuunsuppressie (bijv. lage antilichaamrespons van vaccin)<\/strong><\/li>\n<li data-start=\"4365\" data-end=\"4399\"><strong data-start=\"4365\" data-end=\"4399\">Metabool syndroom en obesitas<\/strong><\/li>\n<li data-start=\"4402\" data-end=\"4444\"><strong data-start=\"4402\" data-end=\"4444\">Neurologische ontwikkelingsachterstand (bij kinderen)<\/strong><\/li>\n<li data-start=\"4447\" data-end=\"4505\"><strong data-start=\"4447\" data-end=\"4505\">Risico op kanker (vooral nier, lever en zaadbal)<\/strong><\/li>\n<\/ul>\n<h5 data-start=\"1091\" data-end=\"1121\"><strong>Inzicht in blootstelling aan PFAS<\/strong><\/h5>\n<p data-start=\"1123\" data-end=\"1342\">PFAS-verbindingen worden gebruikt in een breed scala aan industri\u00eble en consumentenproducten, waaronder anti-aanbak kookgerei, waterbestendige kleding, vetbestendige voedselverpakkingen en blusschuim. Menselijke blootstelling kan plaatsvinden via:<\/p>\n<ul>\n<li data-start=\"1346\" data-end=\"1392\"><strong data-start=\"1346\" data-end=\"1392\">Verontreinigd drinkwater of grondwater<\/strong><\/li>\n<li data-start=\"1395\" data-end=\"1451\"><strong data-start=\"1395\" data-end=\"1451\">Inname van vis of producten gekweekt in getroffen gebieden<\/strong><\/li>\n<li data-start=\"1454\" data-end=\"1506\"><strong data-start=\"1454\" data-end=\"1506\">Gebruik van met PFAS behandelde persoonlijke en huishoudelijke voorwerpen<\/strong><\/li>\n<li data-start=\"1509\" data-end=\"1579\"><strong data-start=\"1509\" data-end=\"1579\">Beroepsmatige blootstelling in industrie\u00ebn die gefluoreerde chemicali\u00ebn verwerken<\/strong><\/li>\n<\/ul>\n<p data-start=\"1581\" data-end=\"1740\">Mensen die in de buurt van militaire bases, vliegvelden, productielocaties of gebieden met gedocumenteerde waterverontreiniging wonen, kunnen aanzienlijk hogere PFAS-niveaus hebben.<\/p>\n<h5 data-start=\"1747\" data-end=\"1773\"><strong>Beperkingen van de test<\/strong><\/h5>\n<p data-start=\"1775\" data-end=\"1940\">Deze bloedtest doet\u00a0<strong data-start=\"1796\" data-end=\"1803\">niet<\/strong>\u00a0de specifieke bron of het tijdstip van blootstelling aan PFAS vast te stellen. Het voorspelt ook niet de ontwikkeling van een ziekte. Het is eerder bedoeld om:<\/p>\n<ul>\n<li data-start=\"1944\" data-end=\"1986\"><strong data-start=\"1944\" data-end=\"1956\">Kwantificeer<\/strong>\u00a0je huidige PFAS-lichaamsbelasting<\/li>\n<li data-start=\"1989\" data-end=\"2032\"><strong data-start=\"1989\" data-end=\"2000\">Ondersteuning<\/strong>\u00a0klinische bewaking na verloop van tijd<\/li>\n<li data-start=\"2035\" data-end=\"2073\"><strong data-start=\"2035\" data-end=\"2045\">Informeer<\/strong>\u00a0risicobeperkende strategie\u00ebn<\/li>\n<\/ul>\n<p data-start=\"2075\" data-end=\"2248\">Net als kwik- of loodtesten in het bloed kunnen PFAS-panels het beste in hun context worden ge\u00efnterpreteerd, met ondersteuning van een zorgverlener die bekend is met toxicologie en milieugeneeskunde.<\/p>\n<h5 data-start=\"2255\" data-end=\"2285\"><strong>Hoe de blootstelling aan PFAS verminderen<\/strong><\/h5>\n<p data-start=\"2287\" data-end=\"2442\">Hoewel PFAS-verbindingen jarenlang in het lichaam kunnen blijven, kan ophoping in de toekomst tot een minimum worden beperkt. Op basis van de huidige richtlijnen voor milieu en gezondheid raden we aan:<\/p>\n<ul>\n<li data-start=\"2446\" data-end=\"2556\"><strong data-start=\"2446\" data-end=\"2455\">Water<\/strong>: Gebruik gecertificeerde filtratiesystemen (bijv. omgekeerde osmose of actieve kool) waarvan bewezen is dat ze PFAS reduceren.<\/li>\n<li data-start=\"2559\" data-end=\"2683\"><strong data-start=\"2559\" data-end=\"2579\">Keuzes voor de consument<\/strong>: Vermijd pannen met antiaanbaklaag, vlekbestendige meubels en vetbestendige voedselverpakkingen tenzij ze PFAS-vrij zijn.<\/li>\n<li data-start=\"2686\" data-end=\"2799\"><strong data-start=\"2686\" data-end=\"2694\">Voedsel<\/strong>: Beperk vetrijk vlees en vis uit besmette gebieden. Kies indien mogelijk voor biologische of lokale producten.<\/li>\n<li data-start=\"2802\" data-end=\"2934\"><strong data-start=\"2802\" data-end=\"2822\">Veiligheid op de werkplek<\/strong>: Volg de richtlijnen voor beschermende uitrusting en veiligheidsprotocollen als u werkt in industrie\u00ebn met een risico op blootstelling aan PFAS.<\/li>\n<li data-start=\"2937\" data-end=\"3031\"><strong data-start=\"2937\" data-end=\"2960\">Waakzaamheid van de gemeenschap<\/strong>: Blijf op de hoogte van lokale watertestrapporten en milieuwaarschuwingen.<\/li>\n<\/ul>\n<h5 data-start=\"3038\" data-end=\"3077\"><strong>Neem controle over je chemische belasting<\/strong><\/h5>\n<p data-start=\"3079\" data-end=\"3413\">Testen op PFAS is een kritieke eerste stap in het begrijpen - en uiteindelijk verminderen - van je toxische belasting. Bij World Health Laboratories bieden onze LC-MS\/MS-methoden met hoge resolutie nauwkeurige, reproduceerbare PFAS-kwantificering voor 27 verbindingen. De resultaten kunnen worden gebruikt in zowel\u00a0<strong data-start=\"3345\" data-end=\"3377\">persoonlijke gezondheidsoptimalisatie<\/strong>\u00a0en\u00a0<strong data-start=\"3382\" data-end=\"3412\">bevolkingsrisico-monitoring<\/strong>.<\/p>\n<p data-start=\"3415\" data-end=\"3599\">Als u of uw pati\u00ebnten zich zorgen maken over blootstelling aan het milieu, biedt deze test het wetenschappelijke inzicht dat nodig is om weloverwogen beslissingen en preventieve strategie\u00ebn op de lange termijn te ondersteunen.<\/p>\n<h5 data-start=\"4512\" data-end=\"4535\"><strong data-start=\"4516\" data-end=\"4535\">Waarom kiezen voor WHL?<\/strong><\/h5>\n<ul>\n<li data-start=\"4538\" data-end=\"4627\"><strong data-start=\"4538\" data-end=\"4559\">27-compound paneel<\/strong>een van de meest uitgebreide PFAS-profielen beschikbaar in Europa<\/li>\n<li data-start=\"4630\" data-end=\"4674\">Ultragevoelige detectie via\u00a0<strong data-start=\"4660\" data-end=\"4672\">LC-MS\/MS<\/strong><\/li>\n<li data-start=\"4677\" data-end=\"4758\">Klinisch gevalideerde methode op basis van huidig biomonitoringsonderzoek (CDC, EFSA)<\/li>\n<li data-start=\"4761\" data-end=\"4826\">Snelle doorlooptijd en volledige logistieke ondersteuning voor monsters in heel Europa<\/li>\n<li data-start=\"4761\" data-end=\"4826\">De resultaten zijn doorgaans binnen 7 dagen na aankomst van het monster in ons laboratorium beschikbaar.<\/li>\n<\/ul>\n<p data-start=\"389\" data-end=\"471\"><strong data-start=\"393\" data-end=\"408\">Materiaal soort<\/strong>:\u00a0<strong data-start=\"410\" data-end=\"419\">Serum<\/strong><\/p>\n<p data-start=\"472\" data-end=\"555\"><strong data-start=\"476\" data-end=\"490\">Technologie<\/strong>:\u00a0<strong data-start=\"492\" data-end=\"504\">LC-MS\/MS<\/strong>\u00a0(Vloeistofchromatografie-tandem massaspectrometrie)<\/p>\n<p data-start=\"556\" data-end=\"599\"><strong data-start=\"560\" data-end=\"579\">Doorlooptijd<\/strong>: 3-10 werkdagen<\/p>\n<p data-start=\"556\" data-end=\"599\"><strong>Geschikt voor indiening per post<\/strong><\/p>\n<ul>\n<li style=\"text-align: left;\" data-start=\"556\" data-end=\"599\"><\/li>\n<\/ul>\n<p><a style=\"display: inline-block; padding: 12px 22px; background-color: #2e528b; color: #ffffff; text-decoration: none; border-radius: 6px; font-weight: 600;\" href=\"https:\/\/www.worldhealthlaboratories.com\/wp-content\/uploads\/2026\/05\/pfas-panel-sample-report.pdf\" target=\"_blank\" rel=\"noopener\">Voorbeeldrapport downloaden<br \/>\n<\/a><\/p>\n<p>&nbsp;<\/p>\n<blockquote class=\"wp-embedded-content\" data-secret=\"gX6b6IKBGB\"><p><a href=\"https:\/\/www.worldhealthlaboratories.com\/nl\/stap-voor-stap-handleiding-voor-het-verzamelen-van-uw-monster-met-het-tasso-apparaat\/\">Stap-voor-stap handleiding: Uw monster verzamelen met het Tasso+ apparaat<\/a><\/p><\/blockquote>\n<p><iframe class=\"wp-embedded-content\" sandbox=\"allow-scripts\" security=\"restricted\" style=\"position: absolute; visibility: hidden;\" title=\"\u201cStap-voor-stap handleiding: Uw monster verzamelen met het Tasso+ apparaat\u201d - World Health Laboratories\" src=\"https:\/\/www.worldhealthlaboratories.com\/step-by-step-guide-collecting-your-sample-with-the-tasso-device\/embed\/#?secret=yQM0ryCFd6#?secret=gX6b6IKBGB\" data-secret=\"gX6b6IKBGB\" width=\"600\" height=\"338\" frameborder=\"0\" marginwidth=\"0\" marginheight=\"0\" scrolling=\"no\"><\/iframe><\/p>\n<blockquote class=\"wp-embedded-content\" data-secret=\"SsCsA5T8MA\"><p><a href=\"https:\/\/www.worldhealthlaboratories.com\/nl\/pfas-toxicity-wat-u-moet-weten-en-hoe-whl-kan-helpen\/\">PFAS Toxiciteit: Wat u moet weten en hoe WHL kan helpen<\/a><\/p><\/blockquote>\n<p><iframe class=\"wp-embedded-content\" sandbox=\"allow-scripts\" security=\"restricted\" style=\"position: absolute; visibility: hidden;\" title=\"\u201cPFAS-toxiciteit: Wat u moet weten en hoe WHL kan helpen\u201d - World Health Laboratories\" src=\"https:\/\/www.worldhealthlaboratories.com\/pfas-toxicity-what-you-need-to-know-and-how-whl-can-help\/embed\/#?secret=PZW2barOe5#?secret=SsCsA5T8MA\" data-secret=\"SsCsA5T8MA\" width=\"600\" height=\"338\" frameborder=\"0\" marginwidth=\"0\" marginheight=\"0\" scrolling=\"no\"><\/iframe><\/p>\n<p>&nbsp;<\/p>","protected":false},"excerpt":{"rendered":"<p class=\"isSelectedEnd\">Deze geavanceerde PFAS-bloedtest meet 27 verschillende per- en polyfluoralkylstoffen (PFAS) in serum en biedt een uitgebreide beoordeling van de huidige lichaamsbelasting en langdurige blootstelling aan persistente milieuverontreinigende stoffen, beter bekend als \u201cvoor altijd chemische stoffen\u201d.\u201d<\/p>\n<p class=\"isSelectedEnd\">Het all-inclusive pakket van \u20ac219 omvat:<\/p>\n<p>- Tasso apparaat voor thuisbloedafname<br \/>\n- Internationaal verzend- en retouretiket<br \/>\n- LC-MS\/MS-analyse met hoge gevoeligheid<br \/>\n- Gedetailleerd PFAS-blootstellingsrapport<\/p>\n<p style=\"font-size: 13px; font-weight: bold; color: #2e528b;\">Selecteer <strong>\u201cPFAS all-inclusive verzending\u201d<\/strong> tijdens het afrekenen voor in aanmerking komende landen.<\/p>\n<ul style=\"font-size: 13px; color: #2e528b; font-weight: bold;\">\n<li>De all-inclusive prijs van \u20ac219 is van toepassing op geselecteerde Europese landen (Belgi\u00eb, Denemarken, Oostenrijk, Polen, Roemeni\u00eb, Frankrijk, Duitsland, Ierland, Itali\u00eb, Noorwegen, Spanje, Zweden, Zwitserland en het Verenigd Koninkrijk).<\/li>\n<li>Verzendkosten kunnen vari\u00ebren voor andere internationale bestemmingen Bestel bij <a href=\"\/nl\/tests\/panelen\/pfas-in-bloed\/\">HIER<\/a>.<\/li>\n<\/ul>","protected":false},"featured_media":10810,"template":"","meta":[],"product_brand":[],"product_cat":[533],"product_tag":[277,143,212,188,159,302,214,144,145,217,141],"class_list":{"0":"post-14773","1":"product","2":"type-product","3":"status-publish","4":"has-post-thumbnail","6":"product_cat-toxicology","7":"product_tag-adrenal-function","8":"product_tag-brain-function","9":"product_tag-detoxification","10":"product_tag-hormones","11":"product_tag-inflammation","12":"product_tag-male-hormones","13":"product_tag-mental-health","14":"product_tag-mood-balance","15":"product_tag-nervous-system","16":"product_tag-toxicity","17":"product_tag-toxins","18":"product_shipping_class-pfas-all-inclusive","19":"pa_sample-type-blood","21":"first","22":"instock","23":"shipping-taxable","24":"purchasable","25":"product-type-simple"},"_links":{"self":[{"href":"https:\/\/www.worldhealthlaboratories.com\/nl\/wp-json\/wp\/v2\/product\/14773","targetHints":{"allow":["GET"]}}],"collection":[{"href":"https:\/\/www.worldhealthlaboratories.com\/nl\/wp-json\/wp\/v2\/product"}],"about":[{"href":"https:\/\/www.worldhealthlaboratories.com\/nl\/wp-json\/wp\/v2\/types\/product"}],"wp:featuredmedia":[{"embeddable":true,"href":"https:\/\/www.worldhealthlaboratories.com\/nl\/wp-json\/wp\/v2\/media\/10810"}],"wp:attachment":[{"href":"https:\/\/www.worldhealthlaboratories.com\/nl\/wp-json\/wp\/v2\/media?parent=14773"}],"wp:term":[{"taxonomy":"product_brand","embeddable":true,"href":"https:\/\/www.worldhealthlaboratories.com\/nl\/wp-json\/wp\/v2\/product_brand?post=14773"},{"taxonomy":"product_cat","embeddable":true,"href":"https:\/\/www.worldhealthlaboratories.com\/nl\/wp-json\/wp\/v2\/product_cat?post=14773"},{"taxonomy":"product_tag","embeddable":true,"href":"https:\/\/www.worldhealthlaboratories.com\/nl\/wp-json\/wp\/v2\/product_tag?post=14773"}],"curies":[{"name":"wp","href":"https:\/\/api.w.org\/{rel}","templated":true}]}}