{"id":12076,"date":"2025-03-24T10:07:38","date_gmt":"2025-03-24T10:07:38","guid":{"rendered":"https:\/\/whl.crafterfox.eu\/?post_type=product&#038;p=12076"},"modified":"2026-01-06T15:05:09","modified_gmt":"2026-01-06T14:05:09","slug":"whl-metabolomix-panel","status":"publish","type":"product","link":"https:\/\/www.worldhealthlaboratories.com\/nl\/tests\/panels\/whl-metabolomix-panel\/","title":{"rendered":"WHL Metabolomix Panel"},"content":{"rendered":"<p><strong>Overzicht<\/strong><\/p>\n<p><strong>WHL Metabolomix<\/strong> biedt een diepgaande analyse van biochemische, voedings-, hormonale, immuun-, en gastro-intestinale markers met behulp van geavanceerde profileringsmethoden, waardoor artsen en pati\u00ebnten verborgen disfuncties kunnen detecteren en therapeutische strategie\u00ebn kunnen sturen.<\/p>\n<h5 data-pm-slice=\"1 1 []\">1. <strong>Profiel organische zuren<\/strong><\/h5>\n<ul data-spread=\"false\">\n<li><strong>Bevat:<\/strong> Energieproductie (Krebs-cyclus), neurotransmittermetabolieten (HVA, VMA), ontgifting (D-glucarinezuur), dysbiosemarkers (D-arabinitol)<\/li>\n<li><strong>Doel:<\/strong> Evalueer de mitochondriale effici\u00ebntie, oxidatieve stress, darmbalans en ontgiftingsroutes.<\/li>\n<\/ul>\n<h5>2. <strong>Aminozuuranalyse (urine)<\/strong><\/h5>\n<ul data-spread=\"false\">\n<li><strong>Bevat:<\/strong> Essenti\u00eble, niet-essenti\u00eble en voorwaardelijk essenti\u00eble aminozuren<\/li>\n<li><strong>Doel:<\/strong> Eiwitstatus, voedingsstoffenbalans, spijsverteringseffici\u00ebntie<\/li>\n<\/ul>\n<h5>3. <strong>Neurotransmitter metabolieten (urine of bloed)<\/strong><\/h5>\n<ul data-spread=\"false\">\n<li><strong>Bevat:<\/strong> Dopamine, epinefrine, noradrenaline, serotonine, histamine, GABA<\/li>\n<li><strong>Doel:<\/strong> Inzicht in stemming, cognitie, angst, ADHD en neurodegeneratie<\/li>\n<\/ul>\n<h5>4. <strong>Vetzuurprofiel (bloed)<\/strong><\/h5>\n<ul data-spread=\"false\">\n<li><strong>Bevat:<\/strong> Omega 3, 6, 7, 9; EPA, DHA, LA, AA, oliezuur<\/li>\n<li><strong>Doel:<\/strong> Ontsteking, hersenen en cardiovasculaire gezondheid<\/li>\n<\/ul>\n<h5>5. <strong>Elementaire analyse (bloed)<\/strong><\/h5>\n<ul data-spread=\"false\">\n<li><strong>Essenti\u00eble elementen:<\/strong> Natrium, kalium, calcium, magnesium, koper, zink, selenium, chroom, mangaan, molybdeen, nikkel, lithium<\/li>\n<li><strong>Giftige elementen:<\/strong> Aluminium, arseen, cadmium, kwik, lood<\/li>\n<li><strong>Doel:<\/strong> Elektrolytenbalans, enzymfunctie en toxiciteit van zware metalen beoordelen<\/li>\n<\/ul>\n<h5>6. <strong>Vitamine- en co-factorpanels (bloed)<\/strong><\/h5>\n<ul data-spread=\"false\">\n<li><strong>Vitamines:<\/strong> A, B1, B2, B3, B5, B6, B7 (Biotine), B12, C, D3, E, K1, K2<\/li>\n<li><strong>Medefactoren:<\/strong> Carnitine, co-enzym Q10<\/li>\n<li><strong>Doel:<\/strong> Evalueer antioxidantbescherming, energieproductie en toereikendheid van micronutri\u00ebnten<\/li>\n<\/ul>\n<h5>7. <strong>Basis klinisch chemisch panel (bloed)<\/strong><\/h5>\n<ul data-spread=\"false\">\n<li><strong>Bevat:<\/strong> Glucose, totaal eiwit, albumine, urinezuur, creatinine, bilirubine, calcium, fosfaat, ijzer, ferritine, homocyste\u00efne, cholesterol panel<\/li>\n<li><strong>Doel:<\/strong> Cardiovasculaire gezondheid, nier-\/leverfunctie, ontstekingen en voedingsstatus<\/li>\n<\/ul>\n<h5>8. <strong>Hematologie (bloed)<\/strong><\/h5>\n<ul data-spread=\"false\">\n<li><strong>Bevat:<\/strong> CBC (Hb, RBC, WBC, bloedplaatjes)<\/li>\n<li><strong>Doel:<\/strong> Zuurstoftransport, immuunafweer en ontstekingsbeoordeling<\/li>\n<\/ul>\n<h5>9. <strong>Endocriene en hormonale panels (bloed)<\/strong><\/h5>\n<ul data-spread=\"false\">\n<li><strong>Schildklier:<\/strong> TSH, Vrij T3, Vrij T4, Omgekeerd T3, Anti-TPO, Anti-TG<\/li>\n<li><strong>Bijnier:<\/strong> Cortisol (ochtend en overdag), DHEA, Aldosteron<\/li>\n<li><strong>Voortplanting:<\/strong> Testosteron, vrij testosteron, progesteron, estradiol, esterol, FSH, LH, SHBG<\/li>\n<li><strong>Doel:<\/strong> Beoordelen van metabolisme, energie, reproductieve gezondheid, stress en vermoeidheid<\/li>\n<\/ul>\n<h5>10. <strong>Maagdarm- en microbioomtests (ontlasting)<\/strong><\/h5>\n<ul data-spread=\"false\">\n<li><strong>Kweek + analyse van de ontlasting:<\/strong> Bacteri\u00ebn en gisten (basispanel)<\/li>\n<li><strong>Doel:<\/strong> Uitgebreide analyse van darmgezondheid, ontsteking, spijsvertering, barri\u00e8refunctie<\/li>\n<\/ul>\n<div>\n<hr \/>\n<\/div>\n<p><strong>Methoden voor monsterafname<\/strong><\/p>\n<p><strong>Bloedafname:<\/strong><\/p>\n<ul>\n<li>Biedt uitgebreidere dekking van biomarkers<\/li>\n<li>Maakt hormoonkwantificering en intracellulaire nutri\u00ebntenanalyse mogelijk<\/li>\n<li>Stabielere en hogere monstervolumes voor nauwkeurige analyse<\/li>\n<li><strong>Geschikt voor:<\/strong> Hormonen, hematologie, klinische chemie, immunologie<\/li>\n<\/ul>\n<p><strong>Urinemonsters:<\/strong><\/p>\n<ul>\n<li>Niet-invasief; gebruikt voor organische zuren, aminozuren, neurotransmitters<\/li>\n<\/ul>\n<p><strong>Ontlastingmonsters:<\/strong><\/p>\n<ul>\n<li>Darmmicrobiota en ontsteking van de darm beoordelen<\/li>\n<\/ul>\n<h3 class=\"\" data-start=\"1492\" data-end=\"1554\">Waarom kiezen <strong data-start=\"1510\" data-end=\"1526\">Veneus bloed<\/strong> over capillair\/vingervlek?<\/h3>\n<div class=\"overflow-x-auto contain-inline-size\">\n<table data-start=\"1556\" data-end=\"2216\">\n<thead data-start=\"1556\" data-end=\"1666\">\n<tr data-start=\"1556\" data-end=\"1666\">\n<th data-start=\"1556\" data-end=\"1586\">Functie<\/th>\n<th data-start=\"1586\" data-end=\"1625\">Veneus bloed<\/th>\n<th data-start=\"1625\" data-end=\"1666\">Capillair (Vingerplek)<\/th>\n<\/tr>\n<\/thead>\n<tbody data-start=\"1777\" data-end=\"2216\">\n<tr data-start=\"1777\" data-end=\"1886\">\n<td><strong data-start=\"1779\" data-end=\"1796\">Monstervolume<\/strong><\/td>\n<td>Hoog - maakt meerdere markers mogelijk<\/td>\n<td>Laag - beperkte testmogelijkheden<\/td>\n<\/tr>\n<tr data-start=\"1887\" data-end=\"1996\">\n<td><strong data-start=\"1889\" data-end=\"1901\">Nauwkeurigheid<\/strong><\/td>\n<td>Hogere precisie en stabiliteit<\/td>\n<td>Onderhevig aan besmetting en hemolyse<\/td>\n<\/tr>\n<tr data-start=\"1997\" data-end=\"2106\">\n<td><strong data-start=\"1999\" data-end=\"2018\">Hormoontesten<\/strong><\/td>\n<td>Ideaal - maakt totale en vrije vormen mogelijk<\/td>\n<td>Niet geschikt voor uitgebreide panelen<\/td>\n<\/tr>\n<tr data-start=\"2107\" data-end=\"2216\">\n<td><strong data-start=\"2109\" data-end=\"2129\">Testen op voedingsstoffen<\/strong><\/td>\n<td>Maakt intracellulaire en serum<\/td>\n<td>Meestal alleen plasmaspiegel<\/td>\n<\/tr>\n<\/tbody>\n<\/table>\n<\/div>\n<p class=\"\" data-start=\"2218\" data-end=\"2382\"><strong data-start=\"2218\" data-end=\"2232\">Conclusie<\/strong>: Veneus bloed biedt de meest nauwkeurige, stabiele en uitgebreide analyse, vooral belangrijk voor hormonen, klinische chemie en immuunmarkers.<\/p>\n<p><strong>Belangrijkste voordelen<\/strong><\/p>\n<ul>\n<li>Detecteert vroegtijdige metabolische onevenwichtigheden<\/li>\n<li>Identificeert de hoofdoorzaken van vermoeidheid, stemmingsproblemen, ontstekingen<\/li>\n<li>Levert bruikbare gegevens voor gepersonaliseerde gezondheidsplannen<\/li>\n<\/ul>\n<p><strong>WHL Metabolomix<\/strong> = Precisiediagnostiek voor holistisch welzijn.<\/p>","protected":false},"excerpt":{"rendered":"<p><strong>Precisiediagnostiek voor holistisch welzijn.<\/strong><\/p>\n<p><strong>Een uitgebreid, functioneel diagnostisch profiel dat is ontworpen om een diep inzicht te geven in de belangrijkste biochemische routes van het lichaam.<\/strong><\/p>","protected":false},"featured_media":10810,"template":"","meta":[],"product_brand":[],"product_cat":[140],"product_tag":[207,143,212,193,347,191,167,188,206,159,183,205,214,151,196,194,148,217,142],"class_list":{"0":"post-12076","1":"product","2":"type-product","3":"status-publish","4":"has-post-thumbnail","6":"product_cat-panels","7":"product_tag-antioxidant","8":"product_tag-brain-function","9":"product_tag-detoxification","10":"product_tag-energy","11":"product_tag-food-allergies","12":"product_tag-gut-health","13":"product_tag-heavy-metals","14":"product_tag-hormones","15":"product_tag-immunity","16":"product_tag-inflammation","17":"product_tag-kidney-function","18":"product_tag-liver-function","19":"product_tag-mental-health","20":"product_tag-metabolism","21":"product_tag-nutrition","22":"product_tag-oxidative-stress","23":"product_tag-stress-response","24":"product_tag-toxicity","25":"product_tag-vitamins","26":"pa_sample-type-blood","27":"pa_sample-type-blood-urine","28":"pa_sample-type-stool","29":"pa_sample-type-urine","31":"first","32":"instock","33":"shipping-taxable","34":"purchasable","35":"product-type-simple"},"_links":{"self":[{"href":"https:\/\/www.worldhealthlaboratories.com\/nl\/wp-json\/wp\/v2\/product\/12076","targetHints":{"allow":["GET"]}}],"collection":[{"href":"https:\/\/www.worldhealthlaboratories.com\/nl\/wp-json\/wp\/v2\/product"}],"about":[{"href":"https:\/\/www.worldhealthlaboratories.com\/nl\/wp-json\/wp\/v2\/types\/product"}],"wp:featuredmedia":[{"embeddable":true,"href":"https:\/\/www.worldhealthlaboratories.com\/nl\/wp-json\/wp\/v2\/media\/10810"}],"wp:attachment":[{"href":"https:\/\/www.worldhealthlaboratories.com\/nl\/wp-json\/wp\/v2\/media?parent=12076"}],"wp:term":[{"taxonomy":"product_brand","embeddable":true,"href":"https:\/\/www.worldhealthlaboratories.com\/nl\/wp-json\/wp\/v2\/product_brand?post=12076"},{"taxonomy":"product_cat","embeddable":true,"href":"https:\/\/www.worldhealthlaboratories.com\/nl\/wp-json\/wp\/v2\/product_cat?post=12076"},{"taxonomy":"product_tag","embeddable":true,"href":"https:\/\/www.worldhealthlaboratories.com\/nl\/wp-json\/wp\/v2\/product_tag?post=12076"}],"curies":[{"name":"wp","href":"https:\/\/api.w.org\/{rel}","templated":true}]}}